{"id":13,"date":"2019-07-17T19:22:33","date_gmt":"2019-07-17T17:22:33","guid":{"rendered":"http:\/\/bipro.ma\/?page_id=13"},"modified":"2019-07-24T21:28:42","modified_gmt":"2019-07-24T19:28:42","slug":"communication-unifiee","status":"publish","type":"page","link":"https:\/\/bipro.ma\/en\/communication-unifiee\/","title":{"rendered":"COMMUNICATION UNIFIEE"},"content":{"rendered":"<div id=\"pl-gb13-69e2208dd5ca1\"  class=\"panel-layout\" ><div id=\"pg-gb13-69e2208dd5ca1-0\"  class=\"panel-grid panel-has-style\"  data-style=\"{&quot;padding&quot;:&quot;0px&quot;,&quot;full_height&quot;:&quot;&quot;,&quot;row_stretch&quot;:&quot;full&quot;,&quot;cell_alignment&quot;:&quot;flex-start&quot;}\"  data-ratio=\"1\"  data-ratio-direction=\"right\" ><div class=\"siteorigin-panels-stretch panel-row-style panel-row-style-for-gb13-69e2208dd5ca1-0\" data-stretch-type=\"full\" ><div id=\"pgc-gb13-69e2208dd5ca1-0-0\"  class=\"panel-grid-cell\"  data-weight=\"1\" ><div id=\"panel-gb13-69e2208dd5ca1-0-0-0\" class=\"so-panel widget widget_text panel-first-child panel-last-child\" data-index=\"0\" data-style=\"{&quot;background_image_attachment&quot;:false,&quot;background_display&quot;:&quot;tile&quot;}\" ><h3 class=\"widget-title\">COMMUNICATION UNIFIEE<\/h3>\t\t\t<div class=\"textwidget\"><\/div>\n\t\t<\/div><\/div><\/div><\/div><div id=\"pg-gb13-69e2208dd5ca1-1\"  class=\"panel-grid panel-has-style\"  data-style=\"{&quot;padding&quot;:&quot;0px&quot;,&quot;full_height&quot;:&quot;&quot;,&quot;row_stretch&quot;:&quot;full&quot;,&quot;cell_alignment&quot;:&quot;flex-start&quot;}\"  data-ratio=\"1\"  data-ratio-direction=\"right\" ><div class=\"siteorigin-panels-stretch panel-row-style panel-row-style-for-gb13-69e2208dd5ca1-1\" data-stretch-type=\"full\" ><div id=\"pgc-gb13-69e2208dd5ca1-1-0\"  class=\"panel-grid-cell\"  data-weight=\"0.59919839679359\" ><div id=\"panel-gb13-69e2208dd5ca1-1-0-0\" class=\"so-panel widget widget_text panel-first-child panel-last-child\" data-index=\"1\" data-style=\"{&quot;background_image_attachment&quot;:false,&quot;background_display&quot;:&quot;tile&quot;}\" >\t\t\t<div class=\"textwidget\"><p><strong>BI PRO offre aux entreprises qui souhaitent adopter une approche v\u00e9ritablement unifi\u00e9e de la communication, des solutions simples afin de faciliter la communication et am\u00e9liorer la productivit\u00e9.<\/strong><\/p>\n<\/div>\n\t\t<\/div><\/div><div id=\"pgc-gb13-69e2208dd5ca1-1-1\"  class=\"panel-grid-cell\"  data-weight=\"0.40080160320641\" ><div id=\"panel-gb13-69e2208dd5ca1-1-1-0\" class=\"so-panel widget widget_media_image panel-first-child panel-last-child\" data-index=\"2\" data-style=\"{&quot;background_image_attachment&quot;:false,&quot;background_display&quot;:&quot;tile&quot;}\" ><img fetchpriority=\"high\" decoding=\"async\" width=\"238\" height=\"50\" src=\"https:\/\/mlqnhx9o5lzt.i.optimole.com\/cb:Kb9E.66bd4\/w:auto\/h:auto\/q:mauto\/ig:avif\/https:\/\/bipro.ma\/wp-content\/uploads\/2019\/07\/logo-BI-PRO.png\" class=\"image wp-image-33  attachment-full size-full\" alt=\"\" style=\"max-width: 100%; height: auto;\" \/><\/div><\/div><\/div><\/div><div id=\"pg-gb13-69e2208dd5ca1-2\"  class=\"panel-grid panel-has-style\"  data-style=\"{&quot;padding&quot;:&quot;50px&quot;,&quot;full_height&quot;:&quot;&quot;,&quot;cell_alignment&quot;:&quot;flex-start&quot;}\"  data-ratio=\"1\"  data-ratio-direction=\"right\" ><div class=\"panel-row-style panel-row-style-for-gb13-69e2208dd5ca1-2\" ><div id=\"pgc-gb13-69e2208dd5ca1-2-0\"  class=\"panel-grid-cell\"  data-weight=\"1\" ><div id=\"panel-gb13-69e2208dd5ca1-2-0-0\" class=\"so-panel widget panel-first-child panel-last-child\" data-index=\"3\" data-style=\"{&quot;background_image_attachment&quot;:false,&quot;background_display&quot;:&quot;tile&quot;}\" ><\/div><\/div><\/div><\/div><\/div>\n\n\n<p><\/p>","protected":false},"excerpt":{"rendered":"<p>BI PRO offre aux entreprises qui souhaitent adopter une approche v\u00e9ritablement unifi\u00e9e de la communication, des solutions simples afin de faciliter la communication et am\u00e9liorer la productivit\u00e9.<\/p>","protected":false},"author":1,"featured_media":0,"parent":0,"menu_order":0,"comment_status":"closed","ping_status":"closed","template":"page-templates\/page_fullwidth.php","meta":{"neve_meta_sidebar":"","neve_meta_container":"","neve_meta_enable_content_width":"","neve_meta_content_width":0,"neve_meta_title_alignment":"","neve_meta_author_avatar":"","neve_post_elements_order":"","neve_meta_disable_header":"","neve_meta_disable_footer":"","neve_meta_disable_title":"","_themeisle_gutenberg_block_has_review":false,"_ti_tpc_template_sync":false,"_ti_tpc_template_id":"","footnotes":""},"class_list":["post-13","page","type-page","status-publish","hentry"],"_links":{"self":[{"href":"https:\/\/bipro.ma\/en\/wp-json\/wp\/v2\/pages\/13","targetHints":{"allow":["GET"]}}],"collection":[{"href":"https:\/\/bipro.ma\/en\/wp-json\/wp\/v2\/pages"}],"about":[{"href":"https:\/\/bipro.ma\/en\/wp-json\/wp\/v2\/types\/page"}],"author":[{"embeddable":true,"href":"https:\/\/bipro.ma\/en\/wp-json\/wp\/v2\/users\/1"}],"replies":[{"embeddable":true,"href":"https:\/\/bipro.ma\/en\/wp-json\/wp\/v2\/comments?post=13"}],"version-history":[{"count":39,"href":"https:\/\/bipro.ma\/en\/wp-json\/wp\/v2\/pages\/13\/revisions"}],"predecessor-version":[{"id":266,"href":"https:\/\/bipro.ma\/en\/wp-json\/wp\/v2\/pages\/13\/revisions\/266"}],"wp:attachment":[{"href":"https:\/\/bipro.ma\/en\/wp-json\/wp\/v2\/media?parent=13"}],"curies":[{"name":"wp","href":"https:\/\/api.w.org\/{rel}","templated":true}]}}